{"id":1312,"date":"2015-07-21T19:22:54","date_gmt":"2015-07-22T01:22:54","guid":{"rendered":"http:\/\/viernesverde.com\/web\/?page_id=1312"},"modified":"2015-07-21T19:23:40","modified_gmt":"2015-07-22T01:23:40","slug":"lanzamiento-video-clip-mil-pedazos","status":"publish","type":"page","link":"http:\/\/viernesverde.com\/web\/lanzamiento-video-clip-mil-pedazos\/","title":{"rendered":"Lanzamiento Video Clip: Mil Pedazos"},"content":{"rendered":"<p><a href=\"http:\/\/viernesverde.com\/web\/wp-content\/uploads\/2015\/07\/Mil-pedazos-21.jpg\"><img loading=\"lazy\" decoding=\"async\" class=\"alignnone  wp-image-1314\" src=\"http:\/\/viernesverde.com\/web\/wp-content\/uploads\/2015\/07\/Mil-pedazos-21.jpg\" alt=\"Mil pedazos 2\" width=\"498\" height=\"281\" srcset=\"http:\/\/viernesverde.com\/web\/wp-content\/uploads\/2015\/07\/Mil-pedazos-21.jpg 900w, http:\/\/viernesverde.com\/web\/wp-content\/uploads\/2015\/07\/Mil-pedazos-21-250x140.jpg 250w, http:\/\/viernesverde.com\/web\/wp-content\/uploads\/2015\/07\/Mil-pedazos-21-700x394.jpg 700w, http:\/\/viernesverde.com\/web\/wp-content\/uploads\/2015\/07\/Mil-pedazos-21-120x67.jpg 120w\" sizes=\"auto, (max-width: 498px) 100vw, 498px\" \/><\/a><\/p>\n<p>Este 5 de agosto lanzamiento de nuevo Video Clip de Mil Pedazos bajo la Direcci\u00f3n de Milcho.<\/p>\n<p>Si deseas conocer un poco sobre el trabajo de Milcho ac\u00e1 su p\u00e1gina web:\u00a0<a href=\"http:\/\/www.milcho.com\/\" target=\"_blank\">http:\/\/www.milcho.com\/<\/a><\/p>\n<p>Pronto m\u00e1s detalles.<\/p>\n","protected":false},"excerpt":{"rendered":"Este 5 de agosto lanzamiento de nuevo Video Clip de Mil Pedazos bajo la Direcci\u00f3n de Milcho. Si deseas conocer un poco sobre el trabajo de Milcho ac\u00e1 su p\u00e1gina web:\u00a0http:\/\/www.milcho.com\/ Pronto m\u00e1s detalles.","protected":false},"author":1,"featured_media":0,"parent":0,"menu_order":0,"comment_status":"open","ping_status":"open","template":"","meta":{"_acf_changed":false,"_exactmetrics_skip_tracking":false,"_exactmetrics_sitenote_active":false,"_exactmetrics_sitenote_note":"","_exactmetrics_sitenote_category":0,"footnotes":""},"categories":[4],"tags":[],"class_list":["post-1312","page","type-page","status-publish","hentry","category-noticias"],"acf":[],"_links":{"self":[{"href":"http:\/\/viernesverde.com\/web\/wp-json\/wp\/v2\/pages\/1312","targetHints":{"allow":["GET"]}}],"collection":[{"href":"http:\/\/viernesverde.com\/web\/wp-json\/wp\/v2\/pages"}],"about":[{"href":"http:\/\/viernesverde.com\/web\/wp-json\/wp\/v2\/types\/page"}],"author":[{"embeddable":true,"href":"http:\/\/viernesverde.com\/web\/wp-json\/wp\/v2\/users\/1"}],"replies":[{"embeddable":true,"href":"http:\/\/viernesverde.com\/web\/wp-json\/wp\/v2\/comments?post=1312"}],"version-history":[{"count":2,"href":"http:\/\/viernesverde.com\/web\/wp-json\/wp\/v2\/pages\/1312\/revisions"}],"predecessor-version":[{"id":1316,"href":"http:\/\/viernesverde.com\/web\/wp-json\/wp\/v2\/pages\/1312\/revisions\/1316"}],"wp:attachment":[{"href":"http:\/\/viernesverde.com\/web\/wp-json\/wp\/v2\/media?parent=1312"}],"wp:term":[{"taxonomy":"category","embeddable":true,"href":"http:\/\/viernesverde.com\/web\/wp-json\/wp\/v2\/categories?post=1312"},{"taxonomy":"post_tag","embeddable":true,"href":"http:\/\/viernesverde.com\/web\/wp-json\/wp\/v2\/tags?post=1312"}],"curies":[{"name":"wp","href":"https:\/\/api.w.org\/{rel}","templated":true}]}}